{"id":2,"date":"2016-05-10T03:48:21","date_gmt":"2016-05-10T03:48:21","guid":{"rendered":"http:\/\/gian-andrin.atelierscheidegger.ch\/?page_id=2"},"modified":"2023-08-21T14:03:32","modified_gmt":"2023-08-21T14:03:32","slug":"sample-page","status":"publish","type":"page","link":"https:\/\/gian-andrin.atelierscheidegger.ch\/?page_id=2","title":{"rendered":"Was ist Minecraft"},"content":{"rendered":"\n<figure class=\"wp-block-image size-large\"><img decoding=\"async\" src=\"https:\/\/upload.wikimedia.org\/wikipedia\/de\/thumb\/5\/57\/Minecraft_logo-SVG.svg\/2560px-Minecraft_logo-SVG.svg.png\" alt=\"\"\/><\/figure>\n\n\n<div class=\"flex-1 overflow-hidden\">\n<div class=\"react-scroll-to-bottom--css-fqvim-79elbk h-full dark:bg-gray-800\">\n<div class=\"react-scroll-to-bottom--css-fqvim-1n7m0yu\">\n<div class=\"flex flex-col text-sm dark:bg-gray-800\">\n<div class=\"group w-full text-token-text-primary border-b border-black\/10 dark:border-gray-900\/50 bg-gray-50 dark:bg-[#444654]\">\n<div class=\"flex p-4 gap-4 text-base md:gap-6 md:max-w-2xl lg:max-w-[38rem] xl:max-w-3xl md:py-6 lg:px-0 m-auto\">\n<div class=\"relative flex w-[calc(100%-50px)] flex-col gap-1 md:gap-3 lg:w-[calc(100%-115px)]\">\n<div class=\"flex flex-grow flex-col gap-3\">\n<div class=\"min-h-[20px] flex flex-col items-start gap-3 overflow-x-auto whitespace-pre-wrap break-words\">\n<div class=\"markdown prose w-full break-words dark:prose-invert light AIPRM__conversation__response\">\n<p>Minecraft ist ein beliebtes Sandbox-Spiel, das von Mojang Studios entwickelt wurde. Es erm\u00f6glicht den Spielern, in einer offenen Welt aus Bl\u00f6cken zu bauen, zu erkunden und zu \u00fcberleben. Hier ist eine Zusammenfassung der wichtigsten Aspekte des Spiels:<\/p>\n<ol>\n<li>\n<p><strong>Offene Welt<\/strong>: Minecraft bietet eine riesige offene Welt, die aus verschiedenen Biomen besteht, darunter W\u00e4lder, W\u00fcsten, Berge, Ozeane und vieles mehr. Diese Welt ist zuf\u00e4llig generiert und nahezu endlos.<\/p>\n<\/li>\n<li>\n<p><strong>Bau und Kreativit\u00e4t<\/strong>: Das Hauptmerkmal von Minecraft ist das Bauen. Spieler k\u00f6nnen Bl\u00f6cke abbauen und sie verwenden, um Geb\u00e4ude, Kunstwerke und komplexe Strukturen zu erstellen. Dies erm\u00f6glicht den Spielern, ihrer Kreativit\u00e4t freien Lauf zu lassen.<\/p>\n<\/li>\n<li>\n<p><strong>\u00dcberleben<\/strong>: In Minecraft m\u00fcssen die Spieler auch \u00fcberleben. Sie m\u00fcssen Nahrung finden oder anbauen, sich vor feindlichen Kreaturen wie Zombies, Skeletten und Creepern sch\u00fctzen und Ressourcen sammeln, um Werkzeuge und Waffen herzustellen.<\/p>\n<\/li>\n<li>\n<p><strong>Tag und Nacht<\/strong>: Das Spiel hat einen Tag-Nacht-Zyklus. W\u00e4hrend des Tages ist es sicherer zu erkunden und zu arbeiten, w\u00e4hrend nachts gef\u00e4hrliche Monster auftauchen.<\/p>\n<\/li>\n<li>\n<p><strong>Mehrspielermodus<\/strong>: Minecraft bietet auch einen Mehrspielermodus, in dem Spieler auf Servern zusammen spielen k\u00f6nnen. Dies erm\u00f6glicht es, gemeinsam zu bauen oder gegeneinander anzutreten.<\/p>\n<\/li>\n<li>\n<p><strong>Redstone-Technik<\/strong>: Das Spiel verf\u00fcgt \u00fcber eine einfache Elektronikkomponente namens Redstone, die es den Spielern erm\u00f6glicht, komplexe mechanische Systeme und Schaltkreise zu erstellen.<\/p>\n<\/li>\n<li>\n<p><strong>Abenteuer und Erforschung<\/strong>: Neben dem Bauen k\u00f6nnen die Spieler auch Abenteuer erleben und geheime Orte erforschen. Es gibt auch sogenannte &#8222;Endportale&#8220; und die gef\u00e4hrliche Dimension &#8222;Das Ende&#8220;.<\/p>\n<\/li>\n<li>\n<p><strong>Modifikationen<\/strong>: Minecraft ist bekannt f\u00fcr seine aktive Modding-Gemeinschaft. Spieler k\u00f6nnen Mods installieren, um das Spiel umfangreich anzupassen und neue Funktionen hinzuzuf\u00fcgen.<\/p>\n<\/li>\n<\/ol>\n<p>Insgesamt bietet Minecraft eine einzigartige und kreative Spielerfahrung, die von Millionen von Spielern auf der ganzen Welt genossen wird. Es kombiniert Bauen, Erkunden und \u00dcberleben in einer offenen Welt und bietet endlose M\u00f6glichkeiten f\u00fcr Spieler, ihre eigenen Geschichten zu schaffen.<\/p>\n<\/div>\n<\/div>\n<\/div>\n<\/div>\n<\/div>\n<\/div>\n<\/div>\n<\/div>\n<\/div>\n<\/div>\n\n\n<p><\/p>\n\n\n\n<p><\/p>\n\n\n\n<p><strong>MInecraft trailer<\/strong><\/p>\n\n\n\n<figure class=\"wp-block-embed is-type-video is-provider-youtube wp-block-embed-youtube wp-embed-aspect-16-9 wp-has-aspect-ratio\"><div class=\"wp-block-embed__wrapper\">\n<iframe loading=\"lazy\" title=\"Minecraft Trails &amp; Tales Update: Official Launch Trailer\" width=\"500\" height=\"281\" src=\"https:\/\/www.youtube.com\/embed\/Rla3FUlxJdE?feature=oembed\" frameborder=\"0\" allow=\"accelerometer; autoplay; clipboard-write; encrypted-media; gyroscope; picture-in-picture; web-share\" allowfullscreen><\/iframe>\n<\/div><\/figure>\n","protected":false},"excerpt":{"rendered":"<p>Minecraft ist ein beliebtes Sandbox-Spiel, das von Mojang Studios entwickelt wurde. Es erm\u00f6glicht den Spielern, in einer offenen Welt aus Bl\u00f6cken zu bauen, zu erkunden und zu \u00fcberleben. Hier ist eine Zusammenfassung der wichtigsten Aspekte des Spiels: Offene Welt: Minecraft bietet eine riesige offene Welt, die aus verschiedenen Biomen besteht, darunter W\u00e4lder, W\u00fcsten, Berge, Ozeane [&hellip;]<\/p>\n","protected":false},"author":1,"featured_media":0,"parent":0,"menu_order":0,"comment_status":"closed","ping_status":"open","template":"","meta":{"footnotes":""},"_links":{"self":[{"href":"https:\/\/gian-andrin.atelierscheidegger.ch\/index.php?rest_route=\/wp\/v2\/pages\/2"}],"collection":[{"href":"https:\/\/gian-andrin.atelierscheidegger.ch\/index.php?rest_route=\/wp\/v2\/pages"}],"about":[{"href":"https:\/\/gian-andrin.atelierscheidegger.ch\/index.php?rest_route=\/wp\/v2\/types\/page"}],"author":[{"embeddable":true,"href":"https:\/\/gian-andrin.atelierscheidegger.ch\/index.php?rest_route=\/wp\/v2\/users\/1"}],"replies":[{"embeddable":true,"href":"https:\/\/gian-andrin.atelierscheidegger.ch\/index.php?rest_route=%2Fwp%2Fv2%2Fcomments&post=2"}],"version-history":[{"count":3,"href":"https:\/\/gian-andrin.atelierscheidegger.ch\/index.php?rest_route=\/wp\/v2\/pages\/2\/revisions"}],"predecessor-version":[{"id":16,"href":"https:\/\/gian-andrin.atelierscheidegger.ch\/index.php?rest_route=\/wp\/v2\/pages\/2\/revisions\/16"}],"wp:attachment":[{"href":"https:\/\/gian-andrin.atelierscheidegger.ch\/index.php?rest_route=%2Fwp%2Fv2%2Fmedia&parent=2"}],"curies":[{"name":"wp","href":"https:\/\/api.w.org\/{rel}","templated":true}]}}